{"id":501,"date":"2019-07-18T17:15:58","date_gmt":"2019-07-18T17:15:58","guid":{"rendered":"https:\/\/kwaio.com\/home\/"},"modified":"2023-06-20T17:48:49","modified_gmt":"2023-06-20T17:48:49","slug":"home","status":"publish","type":"page","link":"https:\/\/kwaio.com\/de\/","title":{"rendered":"Home"},"content":{"rendered":"","protected":false},"excerpt":{"rendered":"","protected":false},"author":3,"featured_media":1128,"parent":0,"menu_order":0,"comment_status":"closed","ping_status":"closed","template":"","meta":{"nf_dc_page":"","_monsterinsights_skip_tracking":false,"_monsterinsights_sitenote_active":false,"_monsterinsights_sitenote_note":"","_monsterinsights_sitenote_category":0,"footnotes":""},"class_list":["post-501","page","type-page","status-publish","has-post-thumbnail","hentry"],"yoast_head":"<!-- This site is optimized with the Yoast SEO plugin v27.4 - https:\/\/yoast.com\/product\/yoast-seo-wordpress\/ -->\n<title>Expeditionen Naturv\u00f6lker - Kwaio in Melanesien auf Malaita, Salomonen<\/title>\n<meta name=\"description\" content=\"Expeditionen Naturv\u00f6lker - Kwaio in Melanesien auf Malaita, Salomonen, den letzten traditionellen V\u00f6lkern in Melanesien, der S\u00fcdsee die Kastom praktizieren\" \/>\n<meta name=\"robots\" content=\"index, follow, max-snippet:-1, max-image-preview:large, max-video-preview:-1\" \/>\n<link rel=\"canonical\" href=\"https:\/\/kwaio.com\/de\/\" \/>\n<meta property=\"og:locale\" content=\"de_DE\" \/>\n<meta property=\"og:type\" content=\"article\" \/>\n<meta property=\"og:title\" content=\"Expeditionen Naturv\u00f6lker - Kwaio in Melanesien auf Malaita, Salomonen\" \/>\n<meta property=\"og:description\" content=\"Expeditionen Naturv\u00f6lker - Kwaio in Melanesien auf Malaita, Salomonen, den letzten traditionellen V\u00f6lkern in Melanesien, der S\u00fcdsee die Kastom praktizieren\" \/>\n<meta property=\"og:url\" content=\"https:\/\/kwaio.com\/de\/\" \/>\n<meta property=\"og:site_name\" content=\"Kwaio | Expeditions to the Solomon Islands in Melanesia | Isolated Indigenous Tribes |\" \/>\n<meta property=\"article:publisher\" content=\"https:\/\/www.facebook.com\/inthehidden\" \/>\n<meta property=\"article:modified_time\" content=\"2023-06-20T17:48:49+00:00\" \/>\n<meta property=\"og:image\" content=\"https:\/\/kwaio.com\/wp-content\/uploads\/2019\/08\/screen.jpg\" \/>\n\t<meta property=\"og:image:width\" content=\"1460\" \/>\n\t<meta property=\"og:image:height\" content=\"939\" \/>\n\t<meta property=\"og:image:type\" content=\"image\/jpeg\" \/>\n<meta name=\"twitter:card\" content=\"summary_large_image\" \/>\n<meta name=\"twitter:site\" content=\"@the_last_hidden\" \/>\n<script type=\"application\/ld+json\" class=\"yoast-schema-graph\">{\"@context\":\"https:\\\/\\\/schema.org\",\"@graph\":[{\"@type\":\"WebPage\",\"@id\":\"https:\\\/\\\/kwaio.com\\\/de\\\/\",\"url\":\"https:\\\/\\\/kwaio.com\\\/de\\\/\",\"name\":\"Expeditionen Naturv\u00f6lker - Kwaio in Melanesien auf Malaita, Salomonen\",\"isPartOf\":{\"@id\":\"https:\\\/\\\/kwaio.com\\\/#website\"},\"primaryImageOfPage\":{\"@id\":\"https:\\\/\\\/kwaio.com\\\/de\\\/#primaryimage\"},\"image\":{\"@id\":\"https:\\\/\\\/kwaio.com\\\/de\\\/#primaryimage\"},\"thumbnailUrl\":\"https:\\\/\\\/kwaio.com\\\/wp-content\\\/uploads\\\/2019\\\/08\\\/screen.jpg\",\"datePublished\":\"2019-07-18T17:15:58+00:00\",\"dateModified\":\"2023-06-20T17:48:49+00:00\",\"description\":\"Expeditionen Naturv\u00f6lker - Kwaio in Melanesien auf Malaita, Salomonen, den letzten traditionellen V\u00f6lkern in Melanesien, der S\u00fcdsee die Kastom praktizieren\",\"breadcrumb\":{\"@id\":\"https:\\\/\\\/kwaio.com\\\/de\\\/#breadcrumb\"},\"inLanguage\":\"de-DE\",\"potentialAction\":[{\"@type\":\"ReadAction\",\"target\":[\"https:\\\/\\\/kwaio.com\\\/de\\\/\"]}]},{\"@type\":\"ImageObject\",\"inLanguage\":\"de-DE\",\"@id\":\"https:\\\/\\\/kwaio.com\\\/de\\\/#primaryimage\",\"url\":\"https:\\\/\\\/kwaio.com\\\/wp-content\\\/uploads\\\/2019\\\/08\\\/screen.jpg\",\"contentUrl\":\"https:\\\/\\\/kwaio.com\\\/wp-content\\\/uploads\\\/2019\\\/08\\\/screen.jpg\",\"width\":1460,\"height\":939},{\"@type\":\"BreadcrumbList\",\"@id\":\"https:\\\/\\\/kwaio.com\\\/de\\\/#breadcrumb\",\"itemListElement\":[{\"@type\":\"ListItem\",\"position\":1,\"name\":\"Home\",\"item\":\"https:\\\/\\\/kwaio.com\\\/de\\\/home\\\/\"},{\"@type\":\"ListItem\",\"position\":2,\"name\":\"Home\"}]},{\"@type\":\"WebSite\",\"@id\":\"https:\\\/\\\/kwaio.com\\\/#website\",\"url\":\"https:\\\/\\\/kwaio.com\\\/\",\"name\":\"Kwaio | Expeditions to the Solomon Islands in Melanesia | Isolated Indigenous Tribes |\",\"description\":\"Expeditions to Kwaio, Solomon Islands, Malaita and other remote indigenous places\",\"publisher\":{\"@id\":\"https:\\\/\\\/kwaio.com\\\/#organization\"},\"potentialAction\":[{\"@type\":\"SearchAction\",\"target\":{\"@type\":\"EntryPoint\",\"urlTemplate\":\"https:\\\/\\\/kwaio.com\\\/?s={search_term_string}\"},\"query-input\":{\"@type\":\"PropertyValueSpecification\",\"valueRequired\":true,\"valueName\":\"search_term_string\"}}],\"inLanguage\":\"de-DE\"},{\"@type\":\"Organization\",\"@id\":\"https:\\\/\\\/kwaio.com\\\/#organization\",\"name\":\"Kwaio - The Hidden\",\"url\":\"https:\\\/\\\/kwaio.com\\\/\",\"logo\":{\"@type\":\"ImageObject\",\"inLanguage\":\"de-DE\",\"@id\":\"https:\\\/\\\/kwaio.com\\\/#\\\/schema\\\/logo\\\/image\\\/\",\"url\":\"\",\"contentUrl\":\"\",\"caption\":\"Kwaio - The Hidden\"},\"image\":{\"@id\":\"https:\\\/\\\/kwaio.com\\\/#\\\/schema\\\/logo\\\/image\\\/\"},\"sameAs\":[\"https:\\\/\\\/www.facebook.com\\\/inthehidden\",\"https:\\\/\\\/x.com\\\/the_last_hidden\",\"https:\\\/\\\/www.instagram.com\\\/thelasthidden\\\/\"]}]}<\/script>\n<!-- \/ Yoast SEO plugin. -->","yoast_head_json":{"title":"Expeditionen Naturv\u00f6lker - Kwaio in Melanesien auf Malaita, Salomonen","description":"Expeditionen Naturv\u00f6lker - Kwaio in Melanesien auf Malaita, Salomonen, den letzten traditionellen V\u00f6lkern in Melanesien, der S\u00fcdsee die Kastom praktizieren","robots":{"index":"index","follow":"follow","max-snippet":"max-snippet:-1","max-image-preview":"max-image-preview:large","max-video-preview":"max-video-preview:-1"},"canonical":"https:\/\/kwaio.com\/de\/","og_locale":"de_DE","og_type":"article","og_title":"Expeditionen Naturv\u00f6lker - Kwaio in Melanesien auf Malaita, Salomonen","og_description":"Expeditionen Naturv\u00f6lker - Kwaio in Melanesien auf Malaita, Salomonen, den letzten traditionellen V\u00f6lkern in Melanesien, der S\u00fcdsee die Kastom praktizieren","og_url":"https:\/\/kwaio.com\/de\/","og_site_name":"Kwaio | Expeditions to the Solomon Islands in Melanesia | Isolated Indigenous Tribes |","article_publisher":"https:\/\/www.facebook.com\/inthehidden","article_modified_time":"2023-06-20T17:48:49+00:00","og_image":[{"width":1460,"height":939,"url":"https:\/\/kwaio.com\/wp-content\/uploads\/2019\/08\/screen.jpg","type":"image\/jpeg"}],"twitter_card":"summary_large_image","twitter_site":"@the_last_hidden","schema":{"@context":"https:\/\/schema.org","@graph":[{"@type":"WebPage","@id":"https:\/\/kwaio.com\/de\/","url":"https:\/\/kwaio.com\/de\/","name":"Expeditionen Naturv\u00f6lker - Kwaio in Melanesien auf Malaita, Salomonen","isPartOf":{"@id":"https:\/\/kwaio.com\/#website"},"primaryImageOfPage":{"@id":"https:\/\/kwaio.com\/de\/#primaryimage"},"image":{"@id":"https:\/\/kwaio.com\/de\/#primaryimage"},"thumbnailUrl":"https:\/\/kwaio.com\/wp-content\/uploads\/2019\/08\/screen.jpg","datePublished":"2019-07-18T17:15:58+00:00","dateModified":"2023-06-20T17:48:49+00:00","description":"Expeditionen Naturv\u00f6lker - Kwaio in Melanesien auf Malaita, Salomonen, den letzten traditionellen V\u00f6lkern in Melanesien, der S\u00fcdsee die Kastom praktizieren","breadcrumb":{"@id":"https:\/\/kwaio.com\/de\/#breadcrumb"},"inLanguage":"de-DE","potentialAction":[{"@type":"ReadAction","target":["https:\/\/kwaio.com\/de\/"]}]},{"@type":"ImageObject","inLanguage":"de-DE","@id":"https:\/\/kwaio.com\/de\/#primaryimage","url":"https:\/\/kwaio.com\/wp-content\/uploads\/2019\/08\/screen.jpg","contentUrl":"https:\/\/kwaio.com\/wp-content\/uploads\/2019\/08\/screen.jpg","width":1460,"height":939},{"@type":"BreadcrumbList","@id":"https:\/\/kwaio.com\/de\/#breadcrumb","itemListElement":[{"@type":"ListItem","position":1,"name":"Home","item":"https:\/\/kwaio.com\/de\/home\/"},{"@type":"ListItem","position":2,"name":"Home"}]},{"@type":"WebSite","@id":"https:\/\/kwaio.com\/#website","url":"https:\/\/kwaio.com\/","name":"Kwaio | Expeditions to the Solomon Islands in Melanesia | Isolated Indigenous Tribes |","description":"Expeditions to Kwaio, Solomon Islands, Malaita and other remote indigenous places","publisher":{"@id":"https:\/\/kwaio.com\/#organization"},"potentialAction":[{"@type":"SearchAction","target":{"@type":"EntryPoint","urlTemplate":"https:\/\/kwaio.com\/?s={search_term_string}"},"query-input":{"@type":"PropertyValueSpecification","valueRequired":true,"valueName":"search_term_string"}}],"inLanguage":"de-DE"},{"@type":"Organization","@id":"https:\/\/kwaio.com\/#organization","name":"Kwaio - The Hidden","url":"https:\/\/kwaio.com\/","logo":{"@type":"ImageObject","inLanguage":"de-DE","@id":"https:\/\/kwaio.com\/#\/schema\/logo\/image\/","url":"","contentUrl":"","caption":"Kwaio - The Hidden"},"image":{"@id":"https:\/\/kwaio.com\/#\/schema\/logo\/image\/"},"sameAs":["https:\/\/www.facebook.com\/inthehidden","https:\/\/x.com\/the_last_hidden","https:\/\/www.instagram.com\/thelasthidden\/"]}]}},"_links":{"self":[{"href":"https:\/\/kwaio.com\/de\/wp-json\/wp\/v2\/pages\/501","targetHints":{"allow":["GET"]}}],"collection":[{"href":"https:\/\/kwaio.com\/de\/wp-json\/wp\/v2\/pages"}],"about":[{"href":"https:\/\/kwaio.com\/de\/wp-json\/wp\/v2\/types\/page"}],"author":[{"embeddable":true,"href":"https:\/\/kwaio.com\/de\/wp-json\/wp\/v2\/users\/3"}],"replies":[{"embeddable":true,"href":"https:\/\/kwaio.com\/de\/wp-json\/wp\/v2\/comments?post=501"}],"version-history":[{"count":1,"href":"https:\/\/kwaio.com\/de\/wp-json\/wp\/v2\/pages\/501\/revisions"}],"predecessor-version":[{"id":502,"href":"https:\/\/kwaio.com\/de\/wp-json\/wp\/v2\/pages\/501\/revisions\/502"}],"wp:featuredmedia":[{"embeddable":true,"href":"https:\/\/kwaio.com\/de\/wp-json\/wp\/v2\/media\/1128"}],"wp:attachment":[{"href":"https:\/\/kwaio.com\/de\/wp-json\/wp\/v2\/media?parent=501"}],"curies":[{"name":"wp","href":"https:\/\/api.w.org\/{rel}","templated":true}]}}